{"id":1578,"date":"2024-03-07T00:11:21","date_gmt":"2024-03-06T23:11:21","guid":{"rendered":"https:\/\/2cer.tech\/?page_id=1578"},"modified":"2024-09-20T00:39:12","modified_gmt":"2024-09-19T22:39:12","slug":"conseil-et-integration-en-systemes-dinformation","status":"publish","type":"page","link":"https:\/\/2cer.fr\/index.php\/conseil-et-integration-en-systemes-dinformation\/","title":{"rendered":"Conseil et Int\u00e9gration en Syst\u00e8mes d&rsquo;Information"},"content":{"rendered":"<p>C&rsquo;est le c\u0153ur de l&rsquo;activit\u00e9 de 2CER TECHNOLOGIES avec plus de 15 ann\u00e9es d&rsquo;expertise dans les Directions des Syst\u00e8mes d&rsquo;Information. Nous connaissons bien les probl\u00e9matiques des organisations et leurs prises en compte au sein des DSI sous la forme de projets, d&rsquo;organisation de l&rsquo;activit\u00e9 de support technique et d&rsquo;accompagnement m\u00e9tier pour y avoir \u00e9t\u00e9 partie prenante.<\/p>\n<p>Que cela soit sous la forme d&rsquo;un accompagnement ponctuel ou d&rsquo;une mission de DSI \u00e0 temps partag\u00e9 si vous avez besoin d&rsquo;\u00eatre \u00e9paul\u00e9, nous sommes une force de propositions tant dans la strat\u00e9gie et les projets que dans le quotidien de votre structure.<\/p>\n","protected":false},"excerpt":{"rendered":"<p>C&rsquo;est le c\u0153ur de l&rsquo;activit\u00e9 de 2CER TECHNOLOGIES avec plus de 15 ann\u00e9es d&rsquo;expertise dans les Directions des Syst\u00e8mes d&rsquo;Information. Nous connaissons bien les probl\u00e9matiques des organisations et leurs prises &#8230;<\/p>\n","protected":false},"author":1,"featured_media":0,"parent":0,"menu_order":0,"comment_status":"closed","ping_status":"closed","template":"","meta":{"footnotes":""},"class_list":["post-1578","page","type-page","status-publish","hentry"],"_links":{"self":[{"href":"https:\/\/2cer.fr\/index.php\/wp-json\/wp\/v2\/pages\/1578","targetHints":{"allow":["GET"]}}],"collection":[{"href":"https:\/\/2cer.fr\/index.php\/wp-json\/wp\/v2\/pages"}],"about":[{"href":"https:\/\/2cer.fr\/index.php\/wp-json\/wp\/v2\/types\/page"}],"author":[{"embeddable":true,"href":"https:\/\/2cer.fr\/index.php\/wp-json\/wp\/v2\/users\/1"}],"replies":[{"embeddable":true,"href":"https:\/\/2cer.fr\/index.php\/wp-json\/wp\/v2\/comments?post=1578"}],"version-history":[{"count":2,"href":"https:\/\/2cer.fr\/index.php\/wp-json\/wp\/v2\/pages\/1578\/revisions"}],"predecessor-version":[{"id":1710,"href":"https:\/\/2cer.fr\/index.php\/wp-json\/wp\/v2\/pages\/1578\/revisions\/1710"}],"wp:attachment":[{"href":"https:\/\/2cer.fr\/index.php\/wp-json\/wp\/v2\/media?parent=1578"}],"curies":[{"name":"wp","href":"https:\/\/api.w.org\/{rel}","templated":true}]}}